{"id":28,"date":"2026-03-27T12:44:35","date_gmt":"2026-03-27T15:44:35","guid":{"rendered":"https:\/\/pcrengenharia.com\/?page_id=28"},"modified":"2026-03-27T14:25:29","modified_gmt":"2026-03-27T17:25:29","slug":"servicos","status":"publish","type":"page","link":"https:\/\/pcrengenharia.com\/?page_id=28","title":{"rendered":"Servi\u00e7os"},"content":{"rendered":"\t\t<div data-elementor-type=\"wp-page\" data-elementor-id=\"28\" class=\"elementor elementor-28\">\n\t\t\t\t<div class=\"elementor-element elementor-element-8b069a3 e-flex e-con-boxed wpr-particle-no wpr-jarallax-no wpr-parallax-no wpr-sticky-section-no e-con e-parent\" data-id=\"8b069a3\" data-element_type=\"container\" data-e-type=\"container\">\n\t\t\t\t\t<div class=\"e-con-inner\">\n\t\t\t\t<div class=\"elementor-element elementor-element-482ad91 elementor-widget-mobile__width-initial elementor-widget elementor-widget-heading\" data-id=\"482ad91\" data-element_type=\"widget\" data-e-type=\"widget\" data-widget_type=\"heading.default\">\n\t\t\t\t<div class=\"elementor-widget-container\">\n\t\t\t\t\t<h2 class=\"elementor-heading-title elementor-size-default\">Nossas \u00e1reas de atua\u00e7\u00e3o<\/h2>\t\t\t\t<\/div>\n\t\t\t\t<\/div>\n\t\t<div class=\"elementor-element elementor-element-556fcfb e-con-full e-flex wpr-particle-no wpr-jarallax-no wpr-parallax-no wpr-sticky-section-no e-con e-child\" data-id=\"556fcfb\" data-element_type=\"container\" data-e-type=\"container\">\n\t\t<div class=\"elementor-element elementor-element-1d4b1a8 e-con-full e-flex wpr-particle-no wpr-jarallax-no wpr-parallax-no wpr-sticky-section-no e-con e-child\" data-id=\"1d4b1a8\" data-element_type=\"container\" data-e-type=\"container\" data-settings=\"{&quot;background_background&quot;:&quot;classic&quot;}\">\n\t\t\t\t<div class=\"elementor-element elementor-element-c26df3f elementor-widget__width-initial elementor-widget elementor-widget-image-box\" data-id=\"c26df3f\" data-element_type=\"widget\" data-e-type=\"widget\" data-widget_type=\"image-box.default\">\n\t\t\t\t<div class=\"elementor-widget-container\">\n\t\t\t\t\t<div class=\"elementor-image-box-wrapper\"><div class=\"elementor-image-box-content\"><h3 class=\"elementor-image-box-title\">Constru\u00e7\u00e3o Civil<\/h3><p class=\"elementor-image-box-description\">Execu\u00e7\u00e3o de obras residenciais, comerciais, industriais e institucionais, desde a funda\u00e7\u00e3o at\u00e9 a finaliza\u00e7\u00e3o, com acompanhamento t\u00e9cnico em todas as etapas.<\/p><\/div><\/div>\t\t\t\t<\/div>\n\t\t\t\t<\/div>\n\t\t\t\t<\/div>\n\t\t<div class=\"elementor-element elementor-element-5e8188d e-con-full e-flex wpr-particle-no wpr-jarallax-no wpr-parallax-no wpr-sticky-section-no e-con e-child\" data-id=\"5e8188d\" data-element_type=\"container\" data-e-type=\"container\" data-settings=\"{&quot;background_background&quot;:&quot;classic&quot;}\">\n\t\t\t\t<div class=\"elementor-element elementor-element-d5a05f4 elementor-widget__width-initial elementor-widget elementor-widget-image-box\" data-id=\"d5a05f4\" data-element_type=\"widget\" data-e-type=\"widget\" data-widget_type=\"image-box.default\">\n\t\t\t\t<div class=\"elementor-widget-container\">\n\t\t\t\t\t<div class=\"elementor-image-box-wrapper\"><div class=\"elementor-image-box-content\"><h3 class=\"elementor-image-box-title\">Reformas<\/h3><p class=\"elementor-image-box-description\">Reformas internas e externas, adequa\u00e7\u00f5es estruturais, recupera\u00e7\u00e3o de fachadas, impermeabiliza\u00e7\u00f5es e melhorias prediais, sempre respeitando as normas vigentes.<\/p><\/div><\/div>\t\t\t\t<\/div>\n\t\t\t\t<\/div>\n\t\t\t\t<\/div>\n\t\t<div class=\"elementor-element elementor-element-d35991a e-con-full e-flex wpr-particle-no wpr-jarallax-no wpr-parallax-no wpr-sticky-section-no e-con e-child\" data-id=\"d35991a\" data-element_type=\"container\" data-e-type=\"container\" data-settings=\"{&quot;background_background&quot;:&quot;classic&quot;}\">\n\t\t\t\t<div class=\"elementor-element elementor-element-db2e5d7 elementor-widget__width-initial elementor-widget elementor-widget-image-box\" data-id=\"db2e5d7\" data-element_type=\"widget\" data-e-type=\"widget\" data-widget_type=\"image-box.default\">\n\t\t\t\t<div class=\"elementor-widget-container\">\n\t\t\t\t\t<div class=\"elementor-image-box-wrapper\"><div class=\"elementor-image-box-content\"><h3 class=\"elementor-image-box-title\">Per\u00edcia e Assist\u00eancia T\u00e9cnica<\/h3><p class=\"elementor-image-box-description\">Vistorias t\u00e9cnicas, laudos, per\u00edcias de engenharia, acompanhamento t\u00e9cnico e avalia\u00e7\u00f5es de im\u00f3veis, com foco em seguran\u00e7a e conformidade t\u00e9cnica.<\/p><\/div><\/div>\t\t\t\t<\/div>\n\t\t\t\t<\/div>\n\t\t\t\t<\/div>\n\t\t\t\t<\/div>\n\t\t\t\t<div class=\"elementor-element elementor-element-059a6df elementor-align-justify elementor-widget__width-initial elementor-widget elementor-widget-button\" data-id=\"059a6df\" data-element_type=\"widget\" data-e-type=\"widget\" data-widget_type=\"button.default\">\n\t\t\t\t<div class=\"elementor-widget-container\">\n\t\t\t\t\t\t\t\t\t<div class=\"elementor-button-wrapper\">\n\t\t\t\t\t<a class=\"elementor-button elementor-button-link elementor-size-sm\" href=\"#\">\n\t\t\t\t\t\t<span class=\"elementor-button-content-wrapper\">\n\t\t\t\t\t\t\t\t\t<span class=\"elementor-button-text\">Entender nosso m\u00e9todo<\/span>\n\t\t\t\t\t<\/span>\n\t\t\t\t\t<\/a>\n\t\t\t\t<\/div>\n\t\t\t\t\t\t\t\t<\/div>\n\t\t\t\t<\/div>\n\t\t\t\t\t<\/div>\n\t\t\t\t<\/div>\n\t\t\t\t<\/div>\n\t\t","protected":false},"excerpt":{"rendered":"<p>Nossas \u00e1reas de atua\u00e7\u00e3o Constru\u00e7\u00e3o Civil Execu\u00e7\u00e3o de obras residenciais, comerciais, industriais e institucionais, desde a funda\u00e7\u00e3o at\u00e9 a finaliza\u00e7\u00e3o, com acompanhamento t\u00e9cnico em todas as etapas. Reformas Reformas internas e externas, adequa\u00e7\u00f5es estruturais, recupera\u00e7\u00e3o de fachadas, impermeabiliza\u00e7\u00f5es e melhorias prediais, sempre respeitando as normas vigentes. Per\u00edcia e Assist\u00eancia T\u00e9cnica Vistorias t\u00e9cnicas, laudos, per\u00edcias de engenharia, acompanhamento t\u00e9cnico e avalia\u00e7\u00f5es de im\u00f3veis, com foco em seguran\u00e7a e conformidade t\u00e9cnica. Entender nosso m\u00e9todo<\/p>\n","protected":false},"author":1,"featured_media":0,"parent":0,"menu_order":0,"comment_status":"closed","ping_status":"closed","template":"elementor_header_footer","meta":{"footnotes":""},"class_list":["post-28","page","type-page","status-publish","hentry"],"_links":{"self":[{"href":"https:\/\/pcrengenharia.com\/index.php?rest_route=\/wp\/v2\/pages\/28","targetHints":{"allow":["GET"]}}],"collection":[{"href":"https:\/\/pcrengenharia.com\/index.php?rest_route=\/wp\/v2\/pages"}],"about":[{"href":"https:\/\/pcrengenharia.com\/index.php?rest_route=\/wp\/v2\/types\/page"}],"author":[{"embeddable":true,"href":"https:\/\/pcrengenharia.com\/index.php?rest_route=\/wp\/v2\/users\/1"}],"replies":[{"embeddable":true,"href":"https:\/\/pcrengenharia.com\/index.php?rest_route=%2Fwp%2Fv2%2Fcomments&post=28"}],"version-history":[{"count":13,"href":"https:\/\/pcrengenharia.com\/index.php?rest_route=\/wp\/v2\/pages\/28\/revisions"}],"predecessor-version":[{"id":157,"href":"https:\/\/pcrengenharia.com\/index.php?rest_route=\/wp\/v2\/pages\/28\/revisions\/157"}],"wp:attachment":[{"href":"https:\/\/pcrengenharia.com\/index.php?rest_route=%2Fwp%2Fv2%2Fmedia&parent=28"}],"curies":[{"name":"wp","href":"https:\/\/api.w.org\/{rel}","templated":true}]}}